{"id":100574,"date":"2025-12-09T13:37:37","date_gmt":"2025-12-09T13:37:37","guid":{"rendered":"https:\/\/dev-web.work\/?page_id=100574"},"modified":"2026-03-30T07:46:01","modified_gmt":"2026-03-30T07:46:01","slug":"pricing","status":"publish","type":"page","link":"https:\/\/geostru.ai\/ro\/pricing\/","title":{"rendered":"Pricing Plan"},"content":{"rendered":"<div class=\"et_pb_section_0 et_pb_section et_section_regular et_flex_section\">\n<div class=\"et_pb_row_0 et_pb_row et_flex_row\">\n<div class=\"et_pb_column_0 et_pb_column et-last-child et_flex_column et_pb_css_mix_blend_mode_passthrough et_flex_column_24_24 et_flex_column_24_24_tablet et_flex_column_24_24_phone\">\n<div class=\"et_pb_text_0 et_pb_text et_pb_bg_layout_light et_pb_module et_flex_module\"><div class=\"et_pb_text_inner\"><p>Pricing Plan<\/p>\n<\/div><\/div>\n\n<div class=\"et_pb_text_1 et_pb_text et_pb_bg_layout_light et_pb_module et_flex_module nexus-breadcrumbs-txt\"><div class=\"et_pb_text_inner\"><nav class=\"nexus-breadcrumbs\" aria-label=\"Breadcrumb\"><a href=\"https:\/\/geostru.ai\/ro\/\">Home<\/a> <span class=\"nexus-separator\"><\/span><span>Arhive<\/span><\/nav>\n<\/div><\/div>\n<\/div>\n<\/div>\n<\/div>\n\n<div class=\"et_pb_section_1 et_pb_section et_section_regular et_flex_section\">\n<div class=\"et_pb_row_1 et_pb_row et_flex_row\">\n<div class=\"et_pb_column_1 et_pb_column et-last-child et_flex_column et_pb_css_mix_blend_mode_passthrough et_flex_column_24_24 et_flex_column_24_24_tablet et_flex_column_24_24_phone\">\n<div class=\"et_pb_group_0 et_pb_group et_pb_module et_flex_group et_pb_css_mix_blend_mode_passthrough et_animated\">\n<div class=\"et_pb_image_0 et_pb_image et_pb_module et_flex_module\"><span class=\"et_pb_image_wrap\"><img loading=\"lazy\" decoding=\"async\" src=\"https:\/\/geostru.ai\/wp-content\/uploads\/favicon.png\" title=\"favicon\" width=\"96\" height=\"96\" srcset=\"https:\/\/geostru.ai\/wp-content\/uploads\/favicon.png 96w\" sizes=\"(max-width: 96px) 100vw, 96px\" class=\"wp-image-20\" \/><\/span><\/div>\n\n<div class=\"et_pb_text_2 et_pb_text et_pb_bg_layout_light et_pb_module et_flex_module\"><div class=\"et_pb_text_inner\"><p>Pricing plan<\/p>\n<\/div><\/div>\n<\/div>\n\n<div class=\"et_pb_text_3 et_pb_text et_pb_bg_layout_light et_animated et_pb_module et_flex_module\"><div class=\"et_pb_text_inner\"><h2>Our Pricing <span class=\"nexus-color1\">Plan.<\/span><\/h2>\n<\/div><\/div>\n\n<div class=\"et_pb_code_0 et_pb_code et_pb_module\"><div class=\"et_pb_code_inner\">\n<div class=\"nx-pricing-grid\">\n\t\t\t\n\t\t<div class=\"nx-pricing-card\" data-app-id=\"4\"\n\t\t\tdata-product-id=\"101154\"\n\t\t\tdata-plan=\"standard\"\n\t\t\tdata-prices=\"{&quot;month&quot;:30}\">\n\n\t\t\t\t\t\t\t<div class=\"nx-pricing-card__icon nx-pricing-card__icon--placeholder\">\n\t\t\t\t\t<span class=\"dashicons dashicons-admin-generic\"><\/span>\n\t\t\t\t<\/div>\n\t\t\t\n\t\t\t\t\t\t<h3 class=\"nx-pricing-card__name\">Computo NX<\/h3>\n\n\t\t\t\t\t\t\t<p class=\"nx-pricing-card__desc\">Deviz estimativ bazat pe liste de pre\u021buri regionale cu asistent AI integrat.<\/p>\n\t\t\t\n\t\t\t\n\t\t\t<div class=\"nx-pricing-card__price\">\n\t\t\t\t\t\t\t\t\t<span class=\"nx-pricing-card__amount\" data-raw=\"30\">\n\t\t\t\t\t\t<span class=\"nx-pricing-card__currency\">&euro;<\/span>30\t\t\t\t\t<\/span>\n\t\t\t\t\t<span class=\"nx-pricing-card__period\">\n\t\t\t\t\t\t\/ lunar\t\t\t\t\t<\/span>\n\t\t\t\t\t\t\t<\/div>\n\n\t\t\t\t\t\t\t<button type=\"button\" class=\"nx-btn nx-btn--primary nx-subscribe-btn\"\n\t\t\t\t\tdata-product-id=\"101154\"\n\t\t\t\t\tdata-plan=\"standard\"\n\t\t\t\t\tdata-period=\"month\">\n\t\t\t\t\tAboneaz\u0103-te\t\t\t\t<\/button>\n\t\t\t\t\t<\/div>\n\n\t\t\t\n\t\t<div class=\"nx-pricing-card\" data-app-id=\"3\"\n\t\t\tdata-product-id=\"101143\"\n\t\t\tdata-plan=\"standard\"\n\t\t\tdata-prices=\"{&quot;day&quot;:60,&quot;week&quot;:100,&quot;month&quot;:300}\">\n\n\t\t\t\t\t\t\t<div class=\"nx-pricing-card__icon nx-pricing-card__icon--placeholder\">\n\t\t\t\t\t<span class=\"dashicons dashicons-admin-generic\"><\/span>\n\t\t\t\t<\/div>\n\t\t\t\n\t\t\t\t\t\t<h3 class=\"nx-pricing-card__name\">GDW NX<\/h3>\n\n\t\t\t\t\t\t\t<p class=\"nx-pricing-card__desc\">Proiectare \u0219i verificare zid de sprijin din gabioane<\/p>\n\t\t\t\n\t\t\t\t\t\t\t<div class=\"nx-pricing-card__periods\">\n\t\t\t\t\t\t\t\t\t\t\t<button type=\"button\"\n\t\t\t\t\t\t\tclass=\"nx-period-btn nx-period-btn--active\"\n\t\t\t\t\t\t\tdata-period=\"day\"\n\t\t\t\t\t\t\tdata-price=\"60\">\n\t\t\t\t\t\t\tZilnic\t\t\t\t\t\t<\/button>\n\t\t\t\t\t\t\t\t\t\t\t<button type=\"button\"\n\t\t\t\t\t\t\tclass=\"nx-period-btn \"\n\t\t\t\t\t\t\tdata-period=\"week\"\n\t\t\t\t\t\t\tdata-price=\"100\">\n\t\t\t\t\t\t\tS\u0103pt\u0103m\u00e2nal\t\t\t\t\t\t<\/button>\n\t\t\t\t\t\t\t\t\t\t\t<button type=\"button\"\n\t\t\t\t\t\t\tclass=\"nx-period-btn \"\n\t\t\t\t\t\t\tdata-period=\"month\"\n\t\t\t\t\t\t\tdata-price=\"300\">\n\t\t\t\t\t\t\tLunar\t\t\t\t\t\t<\/button>\n\t\t\t\t\t\t\t\t\t<\/div>\n\t\t\t\n\t\t\t<div class=\"nx-pricing-card__price\">\n\t\t\t\t\t\t\t\t\t<span class=\"nx-pricing-card__amount\" data-raw=\"60\">\n\t\t\t\t\t\t<span class=\"nx-pricing-card__currency\">&euro;<\/span>60\t\t\t\t\t<\/span>\n\t\t\t\t\t<span class=\"nx-pricing-card__period\">\n\t\t\t\t\t\t\/ zilnic\t\t\t\t\t<\/span>\n\t\t\t\t\t\t\t<\/div>\n\n\t\t\t\t\t\t\t<button type=\"button\" class=\"nx-btn nx-btn--primary nx-subscribe-btn\"\n\t\t\t\t\tdata-product-id=\"101143\"\n\t\t\t\t\tdata-plan=\"standard\"\n\t\t\t\t\tdata-period=\"day\">\n\t\t\t\t\tAboneaz\u0103-te\t\t\t\t<\/button>\n\t\t\t\t\t<\/div>\n\n\t\t\t\n\t\t<div class=\"nx-pricing-card\" data-app-id=\"1\"\n\t\t\tdata-product-id=\"101125\"\n\t\t\tdata-plan=\"standard\"\n\t\t\tdata-prices=\"{&quot;day&quot;:60,&quot;week&quot;:100,&quot;month&quot;:300}\">\n\n\t\t\t\t\t\t\t<div class=\"nx-pricing-card__icon nx-pricing-card__icon--placeholder\">\n\t\t\t\t\t<span class=\"dashicons dashicons-admin-generic\"><\/span>\n\t\t\t\t<\/div>\n\t\t\t\n\t\t\t\t\t\t<h3 class=\"nx-pricing-card__name\">Liquiter NX<\/h3>\n\n\t\t\t\t\t\t\t<p class=\"nx-pricing-card__desc\">Instrument de analiz\u0103 \u0219i verificare a lichefierii pentru inginerie geotehnic\u0103.<\/p>\n\t\t\t\n\t\t\t\t\t\t\t<div class=\"nx-pricing-card__periods\">\n\t\t\t\t\t\t\t\t\t\t\t<button type=\"button\"\n\t\t\t\t\t\t\tclass=\"nx-period-btn nx-period-btn--active\"\n\t\t\t\t\t\t\tdata-period=\"day\"\n\t\t\t\t\t\t\tdata-price=\"60\">\n\t\t\t\t\t\t\tZilnic\t\t\t\t\t\t<\/button>\n\t\t\t\t\t\t\t\t\t\t\t<button type=\"button\"\n\t\t\t\t\t\t\tclass=\"nx-period-btn \"\n\t\t\t\t\t\t\tdata-period=\"week\"\n\t\t\t\t\t\t\tdata-price=\"100\">\n\t\t\t\t\t\t\tS\u0103pt\u0103m\u00e2nal\t\t\t\t\t\t<\/button>\n\t\t\t\t\t\t\t\t\t\t\t<button type=\"button\"\n\t\t\t\t\t\t\tclass=\"nx-period-btn \"\n\t\t\t\t\t\t\tdata-period=\"month\"\n\t\t\t\t\t\t\tdata-price=\"300\">\n\t\t\t\t\t\t\tLunar\t\t\t\t\t\t<\/button>\n\t\t\t\t\t\t\t\t\t<\/div>\n\t\t\t\n\t\t\t<div class=\"nx-pricing-card__price\">\n\t\t\t\t\t\t\t\t\t<span class=\"nx-pricing-card__amount\" data-raw=\"60\">\n\t\t\t\t\t\t<span class=\"nx-pricing-card__currency\">&euro;<\/span>60\t\t\t\t\t<\/span>\n\t\t\t\t\t<span class=\"nx-pricing-card__period\">\n\t\t\t\t\t\t\/ zilnic\t\t\t\t\t<\/span>\n\t\t\t\t\t\t\t<\/div>\n\n\t\t\t\t\t\t\t<button type=\"button\" class=\"nx-btn nx-btn--primary nx-subscribe-btn\"\n\t\t\t\t\tdata-product-id=\"101125\"\n\t\t\t\t\tdata-plan=\"standard\"\n\t\t\t\t\tdata-period=\"day\">\n\t\t\t\t\tAboneaz\u0103-te\t\t\t\t<\/button>\n\t\t\t\t\t<\/div>\n\n\t\t\t\n\t\t<div class=\"nx-pricing-card\" data-app-id=\"2\"\n\t\t\tdata-product-id=\"101141\"\n\t\t\tdata-plan=\"standard\"\n\t\t\tdata-prices=\"{&quot;day&quot;:60,&quot;week&quot;:100,&quot;month&quot;:300}\">\n\n\t\t\t\t\t\t\t<div class=\"nx-pricing-card__icon nx-pricing-card__icon--placeholder\">\n\t\t\t\t\t<span class=\"dashicons dashicons-admin-generic\"><\/span>\n\t\t\t\t<\/div>\n\t\t\t\n\t\t\t\t\t\t<h3 class=\"nx-pricing-card__name\">RSL III NX<\/h3>\n\n\t\t\t\t\t\t\t<p class=\"nx-pricing-card__desc\">R\u0103spuns Seismic Local RSL III: Software pentru evaluarea r\u0103spunsului seismic local de nivelul al treilea.<\/p>\n\t\t\t\n\t\t\t\t\t\t\t<div class=\"nx-pricing-card__periods\">\n\t\t\t\t\t\t\t\t\t\t\t<button type=\"button\"\n\t\t\t\t\t\t\tclass=\"nx-period-btn nx-period-btn--active\"\n\t\t\t\t\t\t\tdata-period=\"day\"\n\t\t\t\t\t\t\tdata-price=\"60\">\n\t\t\t\t\t\t\tZilnic\t\t\t\t\t\t<\/button>\n\t\t\t\t\t\t\t\t\t\t\t<button type=\"button\"\n\t\t\t\t\t\t\tclass=\"nx-period-btn \"\n\t\t\t\t\t\t\tdata-period=\"week\"\n\t\t\t\t\t\t\tdata-price=\"100\">\n\t\t\t\t\t\t\tS\u0103pt\u0103m\u00e2nal\t\t\t\t\t\t<\/button>\n\t\t\t\t\t\t\t\t\t\t\t<button type=\"button\"\n\t\t\t\t\t\t\tclass=\"nx-period-btn \"\n\t\t\t\t\t\t\tdata-period=\"month\"\n\t\t\t\t\t\t\tdata-price=\"300\">\n\t\t\t\t\t\t\tLunar\t\t\t\t\t\t<\/button>\n\t\t\t\t\t\t\t\t\t<\/div>\n\t\t\t\n\t\t\t<div class=\"nx-pricing-card__price\">\n\t\t\t\t\t\t\t\t\t<span class=\"nx-pricing-card__amount\" data-raw=\"60\">\n\t\t\t\t\t\t<span class=\"nx-pricing-card__currency\">&euro;<\/span>60\t\t\t\t\t<\/span>\n\t\t\t\t\t<span class=\"nx-pricing-card__period\">\n\t\t\t\t\t\t\/ zilnic\t\t\t\t\t<\/span>\n\t\t\t\t\t\t\t<\/div>\n\n\t\t\t\t\t\t\t<button type=\"button\" class=\"nx-btn nx-btn--primary nx-subscribe-btn\"\n\t\t\t\t\tdata-product-id=\"101141\"\n\t\t\t\t\tdata-plan=\"standard\"\n\t\t\t\t\tdata-period=\"day\">\n\t\t\t\t\tAboneaz\u0103-te\t\t\t\t<\/button>\n\t\t\t\t\t<\/div>\n\n\t\t\t\n\t\t<div class=\"nx-pricing-card\" data-app-id=\"5\"\n\t\t\tdata-product-id=\"101158\"\n\t\t\tdata-plan=\"standard\"\n\t\t\tdata-prices=\"{&quot;day&quot;:60,&quot;week&quot;:100,&quot;month&quot;:300}\">\n\n\t\t\t\t\t\t\t<div class=\"nx-pricing-card__icon nx-pricing-card__icon--placeholder\">\n\t\t\t\t\t<span class=\"dashicons dashicons-admin-generic\"><\/span>\n\t\t\t\t<\/div>\n\t\t\t\n\t\t\t\t\t\t<h3 class=\"nx-pricing-card__name\">Stratigrapher NX<\/h3>\n\n\t\t\t\t\t\t\t<p class=\"nx-pricing-card__desc\">Editor de stratigrafie \u0219i sondaje geotehnice cu randare DIN 4023, export DXF\/PDF\/SVG \u0219i AI.<\/p>\n\t\t\t\n\t\t\t\t\t\t\t<div class=\"nx-pricing-card__periods\">\n\t\t\t\t\t\t\t\t\t\t\t<button type=\"button\"\n\t\t\t\t\t\t\tclass=\"nx-period-btn nx-period-btn--active\"\n\t\t\t\t\t\t\tdata-period=\"day\"\n\t\t\t\t\t\t\tdata-price=\"60\">\n\t\t\t\t\t\t\tZilnic\t\t\t\t\t\t<\/button>\n\t\t\t\t\t\t\t\t\t\t\t<button type=\"button\"\n\t\t\t\t\t\t\tclass=\"nx-period-btn \"\n\t\t\t\t\t\t\tdata-period=\"week\"\n\t\t\t\t\t\t\tdata-price=\"100\">\n\t\t\t\t\t\t\tS\u0103pt\u0103m\u00e2nal\t\t\t\t\t\t<\/button>\n\t\t\t\t\t\t\t\t\t\t\t<button type=\"button\"\n\t\t\t\t\t\t\tclass=\"nx-period-btn \"\n\t\t\t\t\t\t\tdata-period=\"month\"\n\t\t\t\t\t\t\tdata-price=\"300\">\n\t\t\t\t\t\t\tLunar\t\t\t\t\t\t<\/button>\n\t\t\t\t\t\t\t\t\t<\/div>\n\t\t\t\n\t\t\t<div class=\"nx-pricing-card__price\">\n\t\t\t\t\t\t\t\t\t<span class=\"nx-pricing-card__amount\" data-raw=\"60\">\n\t\t\t\t\t\t<span class=\"nx-pricing-card__currency\">&euro;<\/span>60\t\t\t\t\t<\/span>\n\t\t\t\t\t<span class=\"nx-pricing-card__period\">\n\t\t\t\t\t\t\/ zilnic\t\t\t\t\t<\/span>\n\t\t\t\t\t\t\t<\/div>\n\n\t\t\t\t\t\t\t<button type=\"button\" class=\"nx-btn nx-btn--primary nx-subscribe-btn\"\n\t\t\t\t\tdata-product-id=\"101158\"\n\t\t\t\t\tdata-plan=\"standard\"\n\t\t\t\t\tdata-period=\"day\">\n\t\t\t\t\tAboneaz\u0103-te\t\t\t\t<\/button>\n\t\t\t\t\t<\/div>\n\n\t<\/div>\n<\/div><\/div>\n\n\n<\/div>\n<\/div>\n<\/div>\n\n<div class=\"et_pb_section_2 et_pb_section et_section_regular et_flex_section\">\n<div class=\"et_pb_row_2 et_pb_row et_flex_row\">\n<div class=\"et_pb_column_2 et_pb_column et-last-child et_flex_column et_pb_css_mix_blend_mode_passthrough et_flex_column_24_24 et_flex_column_24_24_tablet et_flex_column_24_24_phone\">\n<div class=\"et_pb_heading_0 et_pb_heading et_pb_module et_flex_module\"><div class=\"et_pb_heading_container\"><h1 class=\"et_pb_module_header\">Pricing will be announced soon. Contact us for more information.<\/h1><\/div><\/div>\n<\/div>\n<\/div>\n<\/div>","protected":false},"excerpt":{"rendered":"","protected":false},"author":1,"featured_media":0,"parent":0,"menu_order":0,"comment_status":"closed","ping_status":"closed","template":"","meta":{"_ai_seo_pilot_schema_type":"auto","footnotes":""},"class_list":["post-100574","page","type-page","status-publish","hentry"],"_links":{"self":[{"href":"https:\/\/geostru.ai\/ro\/wp-json\/wp\/v2\/pages\/100574","targetHints":{"allow":["GET"]}}],"collection":[{"href":"https:\/\/geostru.ai\/ro\/wp-json\/wp\/v2\/pages"}],"about":[{"href":"https:\/\/geostru.ai\/ro\/wp-json\/wp\/v2\/types\/page"}],"author":[{"embeddable":true,"href":"https:\/\/geostru.ai\/ro\/wp-json\/wp\/v2\/users\/1"}],"replies":[{"embeddable":true,"href":"https:\/\/geostru.ai\/ro\/wp-json\/wp\/v2\/comments?post=100574"}],"version-history":[{"count":11,"href":"https:\/\/geostru.ai\/ro\/wp-json\/wp\/v2\/pages\/100574\/revisions"}],"predecessor-version":[{"id":101130,"href":"https:\/\/geostru.ai\/ro\/wp-json\/wp\/v2\/pages\/100574\/revisions\/101130"}],"wp:attachment":[{"href":"https:\/\/geostru.ai\/ro\/wp-json\/wp\/v2\/media?parent=100574"}],"curies":[{"name":"wp","href":"https:\/\/api.w.org\/{rel}","templated":true}]}}